{"id":73,"date":"2024-02-08T10:17:42","date_gmt":"2024-02-08T09:17:42","guid":{"rendered":"https:\/\/top5complements.com\/?page_id=73"},"modified":"2024-03-26T14:44:51","modified_gmt":"2024-03-26T13:44:51","slug":"termes-conditions","status":"publish","type":"page","link":"https:\/\/top5complements.com\/index.php\/termes-conditions\/","title":{"rendered":"Termes &#038; Conditions"},"content":{"rendered":"\n<p><strong>1. Conditions et divulgation publicitaire<\/strong><\/p>\n\n\n\n<p>Afin de payer pour www.top5complements.com, nous d\u00e9tenons une participation dans nos meilleurs produits et pouvons recevoir des commissions d&rsquo;affiliation pour les ventes g\u00e9n\u00e9r\u00e9es \u00e0 partir de ce site. Le contenu de nos avis n\u2019est valable qu\u2019au moment de la r\u00e9daction et les marques peuvent modifier leurs offres, formules et prix \u00e0 tout moment.<\/p>\n\n\n\n<p>En acc\u00e9dant au site Web, vous acceptez d&rsquo;\u00eatre li\u00e9 par ces conditions d&rsquo;utilisation, toutes les lois et r\u00e9glementations applicables, et acceptez que vous \u00eates responsable du respect de toutes les lois locales applicables. Si vous n&rsquo;\u00eates pas d&rsquo;accord avec l&rsquo;une de ces conditions, il vous est interdit d&rsquo;utiliser ou d&rsquo;acc\u00e9der \u00e0 ce site. Le mat\u00e9riel contenu dans ce site Web est prot\u00e9g\u00e9 par la loi applicable sur le droit d&rsquo;auteur et les marques.<\/p>\n\n\n\n<p><strong>2. Licence d\u2019utilisation<\/strong><\/p>\n\n\n\n<p>a. Vous avez l\u2019autorisation de t\u00e9l\u00e9charger temporairement une copie du mat\u00e9riel (informations ou logiciels) sur le site Web \u00e0 des fins de visualisation transitoire personnelle et non commerciale uniquement. Il s&rsquo;agit de l&rsquo;octroi d&rsquo;une licence, et non d&rsquo;un transfert de titre, et en vertu de cette licence, vous ne pouvez pas :<\/p>\n\n\n\n<p>I. modifier ou copier les documents ;<\/p>\n\n\n\n<p>ii. utiliser le mat\u00e9riel \u00e0 des fins commerciales ou pour toute exposition publique (commerciale ou non commerciale) ;<\/p>\n\n\n\n<p>iii. tenter de d\u00e9compiler ou d&rsquo;effectuer une ing\u00e9nierie inverse sur tout logiciel contenu sur le site Web ;<\/p>\n\n\n\n<p>iv. supprimer tout droit d&rsquo;auteur ou autre mention de propri\u00e9t\u00e9 des documents ; ou<\/p>\n\n\n\n<p>v. transf\u00e9rer les documents \u00e0 une autre personne ou \u00ab refl\u00e9ter \u00bb les documents sur tout autre serveur.<\/p>\n\n\n\n<p>b. Cette licence prendra fin automatiquement si vous violez l&rsquo;une de ces restrictions et peut \u00eatre r\u00e9sili\u00e9e par nous \u00e0 tout moment. \u00c0 la fin de votre visionnage de ces documents ou \u00e0 la r\u00e9siliation de cette licence, vous devez d\u00e9truire tout mat\u00e9riel t\u00e9l\u00e9charg\u00e9 en votre possession, qu&rsquo;il soit au format \u00e9lectronique ou imprim\u00e9.<\/p>\n\n\n\n<p><strong>3. Avis de non-responsabilit\u00e9<\/strong><\/p>\n\n\n\n<p>Les \u00e9l\u00e9ments du site Web sont fournis \u00ab tels quels \u00bb. Nous n&rsquo;offrons aucune garantie, expresse ou implicite, et d\u00e9clinons et annulons par la pr\u00e9sente toutes les autres garanties, y compris, sans limitation, les garanties ou conditions implicites de qualit\u00e9 marchande, d&rsquo;ad\u00e9quation \u00e0 un usage particulier ou de non-violation de la propri\u00e9t\u00e9 intellectuelle ou autre violation des droits.<\/p>\n\n\n\n<p>De plus, nous ne garantissons ni ne faisons aucune d\u00e9claration concernant l&rsquo;exactitude, les r\u00e9sultats probables ou la fiabilit\u00e9 de l&rsquo;utilisation des \u00e9l\u00e9ments pr\u00e9sents sur ce site Web ou autrement li\u00e9s \u00e0 ces \u00e9l\u00e9ments ou sur tout site li\u00e9 \u00e0 ce site.<\/p>\n\n\n\n<p><strong>4. Limitations<\/strong><\/p>\n\n\n\n<p>En aucun cas nous ou nos fournisseurs ne serons responsables de tout dommage (y compris, sans limitation, les dommages dus \u00e0 une perte de donn\u00e9es ou de profit, ou \u00e0 une interruption d&rsquo;activit\u00e9) d\u00e9coulant de l&rsquo;utilisation ou de l&rsquo;impossibilit\u00e9 d&rsquo;utiliser les \u00e9l\u00e9ments du site Web, m\u00eame si nous ou un repr\u00e9sentant autoris\u00e9 avons \u00e9t\u00e9 inform\u00e9s oralement ou par \u00e9crit de la possibilit\u00e9 de tels dommages.&nbsp;<\/p>\n\n\n\n<p>\u00c9tant donn\u00e9 que certaines juridictions n&rsquo;autorisent pas les limitations des garanties implicites ou les limitations de responsabilit\u00e9 pour les dommages cons\u00e9cutifs ou accessoires, ces limitations peuvent ne pas s&rsquo;appliquer \u00e0 vous.<\/p>\n\n\n\n<p><strong>5. Fiabilit\u00e9 des informations<\/strong><\/p>\n\n\n\n<p>Les \u00e9l\u00e9ments apparaissant sur le site Web peuvent contenir des erreurs techniques, typographiques ou photographiques. Nous ne garantissons pas que les documents pr\u00e9sents sur ce site Web soient exacts, complets ou \u00e0 jour. Nous pouvons apporter des modifications aux \u00e9l\u00e9ments contenus sur ce site Web \u00e0 tout moment et sans pr\u00e9avis. Cependant, nous ne nous engageons pas \u00e0 mettre \u00e0 jour ces informations.<\/p>\n\n\n\n<p><strong>6. Liens<\/strong><\/p>\n\n\n\n<p>Nous n&rsquo;avons pas examin\u00e9 tous les sites li\u00e9s \u00e0 ce site Web et ne sommes pas responsables du contenu de ces sites li\u00e9s. L&rsquo;inclusion de tout lien n&rsquo;implique pas notre approbation du site. L&rsquo;utilisation de ces sites Web li\u00e9s se fait aux propres risques de l&rsquo;utilisateur.<\/p>\n\n\n\n<p><strong>7. Modifications<\/strong><\/p>\n\n\n\n<p>Nous pouvons r\u00e9viser les conditions d&rsquo;utilisation de ce site Web \u00e0 tout moment et sans pr\u00e9avis. En utilisant ce site Web, vous acceptez d&rsquo;\u00eatre li\u00e9 par la version alors en vigueur de ces conditions d&rsquo;utilisation.<\/p>\n\n\n\n<p><strong>8. Loi applicable<\/strong><\/p>\n\n\n\n<p>Ces termes et conditions sont r\u00e9gis et interpr\u00e9t\u00e9s conform\u00e9ment aux lois fran\u00e7aises et vous vous soumettez irr\u00e9vocablement \u00e0 la comp\u00e9tence exclusive des tribunaux de ce pays.<\/p>\n\n\n\n<p>Si vous devez contacter Top5Complements pour quelque raison que ce soit, veuillez contacter :<\/p>\n\n\n\n<p>Your Journey Brands<\/p>\n\n\n\n<p>IFZA Business Zone, silicon oasis<\/p>\n\n\n\n<p>Dubai<\/p>\n\n\n\n<p>United Arab Emirates<\/p>\n\n\n\n<p>Courriel : info@top5complements.com<\/p>\n","protected":false},"excerpt":{"rendered":"<p>1. Conditions et divulgation publicitaire Afin de payer pour www.top5complements.com, nous d\u00e9tenons une participation dans nos meilleurs produits et pouvons recevoir des commissions d&rsquo;affiliation pour les ventes g\u00e9n\u00e9r\u00e9es \u00e0 partir de ce site. Le contenu de nos avis n\u2019est valable qu\u2019au moment de la r\u00e9daction et les marques peuvent modifier leurs offres, formules et prix<\/p>\n","protected":false},"author":1,"featured_media":0,"parent":0,"menu_order":0,"comment_status":"closed","ping_status":"closed","template":"","meta":{"om_disable_all_campaigns":false,"_monsterinsights_skip_tracking":false,"_monsterinsights_sitenote_active":false,"_monsterinsights_sitenote_note":"","_monsterinsights_sitenote_category":0,"footnotes":""},"class_list":["post-73","page","type-page","status-publish"],"aioseo_notices":[],"_links":{"self":[{"href":"https:\/\/top5complements.com\/index.php\/wp-json\/wp\/v2\/pages\/73","targetHints":{"allow":["GET"]}}],"collection":[{"href":"https:\/\/top5complements.com\/index.php\/wp-json\/wp\/v2\/pages"}],"about":[{"href":"https:\/\/top5complements.com\/index.php\/wp-json\/wp\/v2\/types\/page"}],"author":[{"embeddable":true,"href":"https:\/\/top5complements.com\/index.php\/wp-json\/wp\/v2\/users\/1"}],"replies":[{"embeddable":true,"href":"https:\/\/top5complements.com\/index.php\/wp-json\/wp\/v2\/comments?post=73"}],"version-history":[{"count":2,"href":"https:\/\/top5complements.com\/index.php\/wp-json\/wp\/v2\/pages\/73\/revisions"}],"predecessor-version":[{"id":118,"href":"https:\/\/top5complements.com\/index.php\/wp-json\/wp\/v2\/pages\/73\/revisions\/118"}],"wp:attachment":[{"href":"https:\/\/top5complements.com\/index.php\/wp-json\/wp\/v2\/media?parent=73"}],"curies":[{"name":"wp","href":"https:\/\/api.w.org\/{rel}","templated":true}]}}